{"id":3175,"date":"2022-06-14T19:26:37","date_gmt":"2022-06-14T19:26:37","guid":{"rendered":"http:\/\/cbpara.ma\/para\/?post_type=product&#038;p=3175"},"modified":"2022-06-14T21:24:47","modified_gmt":"2022-06-14T21:24:47","slug":"macadamia-tunnel-vent-brush-with-boar-bristle","status":"publish","type":"product","link":"https:\/\/cbpara.ma\/para\/produit\/macadamia-tunnel-vent-brush-with-boar-bristle\/","title":{"rendered":"MACADAMIA TUNNEL VENT BRUSH WITH BOAR BRISTLE"},"content":{"rendered":"<div id=\"product-description-short-2702\" class=\"product-description-short mb-3 \">\n<div class=\"product_second_section\">\n<div class=\"container\">\n<div class=\" product_desc_block\">\n<div class=\"product_desc_column \">\n<div class=\"bottom_more_info_block pro_more_info p-t-1 p-b-1 \">\n<div class=\"product_info_tabs sttab_block mobile_tab sttab_2 sttab_2_3 \">\n<div class=\"tab-content \">\n<div id=\"description\" class=\"tab-pane active \" role=\"tabpanel\">\n<div class=\"tab-pane-body\">\n<div class=\"product-description\">\n<div class=\"style_content\">\n<p><strong>Description:<\/strong><\/p>\n<p>Permet \u00e0 l&rsquo;air de circuler entre les racines et d&rsquo;acc\u00e9l\u00e9rer le temps de s\u00e9chage,<\/p>\n<p>Son + :<\/p>\n<p>&#8211; 100% poils de sanglier<br \/>\n&#8211; Ionique<br \/>\n&#8211; Anti-statique<br \/>\n&#8211; Anti-bact\u00e9rien<br \/>\n&#8211; Haute r\u00e9sistance \u00e0 la chaleur,<\/p>\n<div><\/div>\n<p>&nbsp;<\/p>\n<\/div>\n<\/div>\n<\/div>\n<\/div>\n<\/div>\n<\/div>\n<\/div>\n<\/div>\n<\/div>\n<\/div>\n<\/div>\n<div class=\"product_third_section\">\n<div class=\"container\">\n<div id=\"strelatedproducts_container_0f84ace651\" class=\"strelatedproducts_container block s_countdown_block products_container \">\n<section class=\"products_section \">\n<div class=\"row flex_lg_container flex_stretch\">\n<div class=\"col-lg-12 products_slider\"><\/div>\n<\/div>\n<\/section>\n<\/div>\n<\/div>\n<\/div>\n<ul>\n<li><\/li>\n<\/ul>\n<\/div>\n<div class=\"steasy_divider between_short_and_price\"><\/div>\n","protected":false},"excerpt":{"rendered":"<div class=\"product_third_section\">\n<div class=\"container\">\n<div id=\"strelatedproducts_container_0f84ace651\" class=\"strelatedproducts_container block s_countdown_block products_container \">\n<section class=\"products_section \">\n<div class=\"row flex_lg_container flex_stretch\"><\/div>\n<\/section>\n<\/div>\n<\/div>\n<\/div>\n<ul>\n<li>Permet \u00e0 l&rsquo;air de circuler entre les racines<\/li>\n<li>Acc\u00e9l\u00e8re le temps de s\u00e9chage<\/li>\n<\/ul>\n","protected":false},"featured_media":3176,"comment_status":"open","ping_status":"closed","template":"","meta":{"site-sidebar-layout":"default","site-content-layout":"default","ast-site-content-layout":"default","site-content-style":"default","site-sidebar-style":"default","ast-global-header-display":"","ast-banner-title-visibility":"","ast-main-header-display":"","ast-hfb-above-header-display":"","ast-hfb-below-header-display":"","ast-hfb-mobile-header-display":"","site-post-title":"","ast-breadcrumbs-content":"","ast-featured-img":"","footer-sml-layout":"","ast-disable-related-posts":"","theme-transparent-header-meta":"default","adv-header-id-meta":"","stick-header-meta":"","header-above-stick-meta":"","header-main-stick-meta":"","header-below-stick-meta":"","astra-migrate-meta-layouts":"default","ast-page-background-enabled":"default","ast-page-background-meta":{"desktop":{"background-color":"","background-image":"","background-repeat":"repeat","background-position":"center center","background-size":"auto","background-attachment":"scroll","background-type":"","background-media":"","overlay-type":"","overlay-color":"","overlay-opacity":"","overlay-gradient":""},"tablet":{"background-color":"","background-image":"","background-repeat":"repeat","background-position":"center center","background-size":"auto","background-attachment":"scroll","background-type":"","background-media":"","overlay-type":"","overlay-color":"","overlay-opacity":"","overlay-gradient":""},"mobile":{"background-color":"","background-image":"","background-repeat":"repeat","background-position":"center center","background-size":"auto","background-attachment":"scroll","background-type":"","background-media":"","overlay-type":"","overlay-color":"","overlay-opacity":"","overlay-gradient":""}},"ast-content-background-meta":{"desktop":{"background-color":"var(--ast-global-color-5)","background-image":"","background-repeat":"repeat","background-position":"center center","background-size":"auto","background-attachment":"scroll","background-type":"","background-media":"","overlay-type":"","overlay-color":"","overlay-opacity":"","overlay-gradient":""},"tablet":{"background-color":"var(--ast-global-color-5)","background-image":"","background-repeat":"repeat","background-position":"center center","background-size":"auto","background-attachment":"scroll","background-type":"","background-media":"","overlay-type":"","overlay-color":"","overlay-opacity":"","overlay-gradient":""},"mobile":{"background-color":"var(--ast-global-color-5)","background-image":"","background-repeat":"repeat","background-position":"center center","background-size":"auto","background-attachment":"scroll","background-type":"","background-media":"","overlay-type":"","overlay-color":"","overlay-opacity":"","overlay-gradient":""}}},"product_brand":[],"product_cat":[25],"product_tag":[],"class_list":{"0":"post-3175","1":"product","2":"type-product","3":"status-publish","4":"has-post-thumbnail","6":"product_cat-visage","7":"desktop-align-left","8":"tablet-align-left","9":"mobile-align-left","11":"first","12":"outofstock","13":"taxable","14":"shipping-taxable","15":"purchasable","16":"product-type-simple"},"jetpack_sharing_enabled":true,"_links":{"self":[{"href":"https:\/\/cbpara.ma\/para\/wp-json\/wp\/v2\/product\/3175","targetHints":{"allow":["GET"]}}],"collection":[{"href":"https:\/\/cbpara.ma\/para\/wp-json\/wp\/v2\/product"}],"about":[{"href":"https:\/\/cbpara.ma\/para\/wp-json\/wp\/v2\/types\/product"}],"replies":[{"embeddable":true,"href":"https:\/\/cbpara.ma\/para\/wp-json\/wp\/v2\/comments?post=3175"}],"version-history":[{"count":2,"href":"https:\/\/cbpara.ma\/para\/wp-json\/wp\/v2\/product\/3175\/revisions"}],"predecessor-version":[{"id":3192,"href":"https:\/\/cbpara.ma\/para\/wp-json\/wp\/v2\/product\/3175\/revisions\/3192"}],"wp:featuredmedia":[{"embeddable":true,"href":"https:\/\/cbpara.ma\/para\/wp-json\/wp\/v2\/media\/3176"}],"wp:attachment":[{"href":"https:\/\/cbpara.ma\/para\/wp-json\/wp\/v2\/media?parent=3175"}],"wp:term":[{"taxonomy":"product_brand","embeddable":true,"href":"https:\/\/cbpara.ma\/para\/wp-json\/wp\/v2\/product_brand?post=3175"},{"taxonomy":"product_cat","embeddable":true,"href":"https:\/\/cbpara.ma\/para\/wp-json\/wp\/v2\/product_cat?post=3175"},{"taxonomy":"product_tag","embeddable":true,"href":"https:\/\/cbpara.ma\/para\/wp-json\/wp\/v2\/product_tag?post=3175"}],"curies":[{"name":"wp","href":"https:\/\/api.w.org\/{rel}","templated":true}]}}