{"id":3204,"date":"2022-06-14T21:42:43","date_gmt":"2022-06-14T21:42:43","guid":{"rendered":"http:\/\/cbpara.ma\/para\/?post_type=product&#038;p=3204"},"modified":"2022-06-14T21:43:01","modified_gmt":"2022-06-14T21:43:01","slug":"phyto-phytocolor-coloration-permanente-1-noir-nf","status":"publish","type":"product","link":"https:\/\/cbpara.ma\/para\/produit\/phyto-phytocolor-coloration-permanente-1-noir-nf\/","title":{"rendered":"PHYTO PHYTOCOLOR COLORATION PERMANENTE 1 NOIR NF"},"content":{"rendered":"<div><b>Description<\/b><\/div>\n<div>Les experts coloristes PHYTO cr\u00e9ent la 1\u00e8re coloration aux pigments v\u00e9g\u00e9taux sans ammoniaque, alliant performance couleur, beaut\u00e9 du cheveu et respect du cuir chevelu.<\/div>\n<div><span style=\"font-size: 16px;\">Les nouvelles colorations PHYTOCOLOR sont des colorations sans ammoniaque, sans PPD (para-ph\u00e9nyl\u00e8nediamine), ni r\u00e9sorcine\u2026 Leur force unique : La haute concentration en pigments v\u00e9g\u00e9taux (jusqu\u2019\u00e0 74% suivant les nuances) pour une couleur intense, naturelle \u00e0 la brillance incomparable.\u00a0<\/span><\/div>\n<div>\n<div>Ces pigments peuvent n\u00e9anmoins l\u00e9g\u00e8rement augmenter l\u2019intensit\u00e9 de la couleur obtenue.<\/div>\n<div><span style=\"font-size: 16px;\"><em><strong>Notre conseil :<\/strong><\/em> Nous vous recommandons de prendre un num\u00e9ro de couleur sup\u00e9rieur \u00e0 votre coloration habituelle. Ex. Si vous utilisez un 3.77, prenez le 4.77 Ch\u00e2tain marron profond de PHYTO COLOR.<\/span><\/div>\n<\/div>\n<div>\n<div><strong><em>IMPORTANT\u00a0<\/em><\/strong>: FAIRE IMP\u00c9RATIVEMENT UN TEST D\u2019ALERTE ALLERGIE 48 HEURES AVANT CHAQUE UTILISATION.<\/div>\n<div>APPLICATION PRATIQUE : sur cheveux secs, non lav\u00e9s<\/div>\n<div>&#8211; cas n\u00b01 : cheveux qui n\u2019ont jamais \u00e9t\u00e9 color\u00e9s : appliquez le m\u00e9lange \u00e0 la racine puis r\u00e9partissez ensuite le restant du produit sur l\u2019ensemble de la chevelure. Laissez agir 30 minutes.<\/div>\n<div>&#8211; cas n\u00b02 : cheveux d\u00e9j\u00e0 color\u00e9s, en retouche racines :\u00a0 appliquez le m\u00e9lange \u00e0 la racine uniquement et laissez agir 20 minutes. R\u00e9partissez ensuite le restant du produit sur les longueurs et pointes et laissez agir 10 minutes.<\/div>\n<\/div>\n<div>Pour prolonger durablement la couleur et son \u00e9clat, utiliser la routine de soin compl\u00e8te PHYTOCOLOR.<\/div>\n<div><strong>Ce kit contient : 1 lait r\u00e9v\u00e9lateur 50 ml\/1 cr\u00e8me colorante 50 ml\/1 masque protecteur de couleur 12 ml\/1 notice d\u00e9taill\u00e9e\/1 paire de gants.<\/strong><\/div>\n","protected":false},"excerpt":{"rendered":"<div id=\"product-description-short-3638\" class=\"product-description-short mb-3 \">\n<address>Couleur Naturelle qui Tient Longtemps et Couvre 100% les Cheveux Blancs D\u00e8s la Premi\u00e8re Application<\/address>\n<\/div>\n<div class=\"steasy_divider between_short_and_price\"><\/div>\n","protected":false},"featured_media":3205,"comment_status":"open","ping_status":"closed","template":"","meta":{"site-sidebar-layout":"default","site-content-layout":"default","ast-site-content-layout":"default","site-content-style":"default","site-sidebar-style":"default","ast-global-header-display":"","ast-banner-title-visibility":"","ast-main-header-display":"","ast-hfb-above-header-display":"","ast-hfb-below-header-display":"","ast-hfb-mobile-header-display":"","site-post-title":"","ast-breadcrumbs-content":"","ast-featured-img":"","footer-sml-layout":"","ast-disable-related-posts":"","theme-transparent-header-meta":"default","adv-header-id-meta":"","stick-header-meta":"","header-above-stick-meta":"","header-main-stick-meta":"","header-below-stick-meta":"","astra-migrate-meta-layouts":"default","ast-page-background-enabled":"default","ast-page-background-meta":{"desktop":{"background-color":"","background-image":"","background-repeat":"repeat","background-position":"center center","background-size":"auto","background-attachment":"scroll","background-type":"","background-media":"","overlay-type":"","overlay-color":"","overlay-opacity":"","overlay-gradient":""},"tablet":{"background-color":"","background-image":"","background-repeat":"repeat","background-position":"center center","background-size":"auto","background-attachment":"scroll","background-type":"","background-media":"","overlay-type":"","overlay-color":"","overlay-opacity":"","overlay-gradient":""},"mobile":{"background-color":"","background-image":"","background-repeat":"repeat","background-position":"center center","background-size":"auto","background-attachment":"scroll","background-type":"","background-media":"","overlay-type":"","overlay-color":"","overlay-opacity":"","overlay-gradient":""}},"ast-content-background-meta":{"desktop":{"background-color":"var(--ast-global-color-5)","background-image":"","background-repeat":"repeat","background-position":"center center","background-size":"auto","background-attachment":"scroll","background-type":"","background-media":"","overlay-type":"","overlay-color":"","overlay-opacity":"","overlay-gradient":""},"tablet":{"background-color":"var(--ast-global-color-5)","background-image":"","background-repeat":"repeat","background-position":"center center","background-size":"auto","background-attachment":"scroll","background-type":"","background-media":"","overlay-type":"","overlay-color":"","overlay-opacity":"","overlay-gradient":""},"mobile":{"background-color":"var(--ast-global-color-5)","background-image":"","background-repeat":"repeat","background-position":"center center","background-size":"auto","background-attachment":"scroll","background-type":"","background-media":"","overlay-type":"","overlay-color":"","overlay-opacity":"","overlay-gradient":""}}},"product_brand":[],"product_cat":[25],"product_tag":[],"class_list":{"0":"post-3204","1":"product","2":"type-product","3":"status-publish","4":"has-post-thumbnail","6":"product_cat-visage","7":"desktop-align-left","8":"tablet-align-left","9":"mobile-align-left","11":"first","12":"instock","13":"taxable","14":"shipping-taxable","15":"product-type-simple"},"jetpack_sharing_enabled":true,"_links":{"self":[{"href":"https:\/\/cbpara.ma\/para\/wp-json\/wp\/v2\/product\/3204","targetHints":{"allow":["GET"]}}],"collection":[{"href":"https:\/\/cbpara.ma\/para\/wp-json\/wp\/v2\/product"}],"about":[{"href":"https:\/\/cbpara.ma\/para\/wp-json\/wp\/v2\/types\/product"}],"replies":[{"embeddable":true,"href":"https:\/\/cbpara.ma\/para\/wp-json\/wp\/v2\/comments?post=3204"}],"version-history":[{"count":1,"href":"https:\/\/cbpara.ma\/para\/wp-json\/wp\/v2\/product\/3204\/revisions"}],"predecessor-version":[{"id":3206,"href":"https:\/\/cbpara.ma\/para\/wp-json\/wp\/v2\/product\/3204\/revisions\/3206"}],"wp:featuredmedia":[{"embeddable":true,"href":"https:\/\/cbpara.ma\/para\/wp-json\/wp\/v2\/media\/3205"}],"wp:attachment":[{"href":"https:\/\/cbpara.ma\/para\/wp-json\/wp\/v2\/media?parent=3204"}],"wp:term":[{"taxonomy":"product_brand","embeddable":true,"href":"https:\/\/cbpara.ma\/para\/wp-json\/wp\/v2\/product_brand?post=3204"},{"taxonomy":"product_cat","embeddable":true,"href":"https:\/\/cbpara.ma\/para\/wp-json\/wp\/v2\/product_cat?post=3204"},{"taxonomy":"product_tag","embeddable":true,"href":"https:\/\/cbpara.ma\/para\/wp-json\/wp\/v2\/product_tag?post=3204"}],"curies":[{"name":"wp","href":"https:\/\/api.w.org\/{rel}","templated":true}]}}