{"id":3244,"date":"2022-06-17T21:45:32","date_gmt":"2022-06-17T21:45:32","guid":{"rendered":"http:\/\/cbpara.ma\/para\/?post_type=product&#038;p=3244"},"modified":"2022-06-17T21:54:51","modified_gmt":"2022-06-17T21:54:51","slug":"placentor-vegetal-creme-ultra-hydratante-et-regeneratrice-200ml","status":"publish","type":"product","link":"https:\/\/cbpara.ma\/para\/produit\/placentor-vegetal-creme-ultra-hydratante-et-regeneratrice-200ml\/","title":{"rendered":"PLACENTOR V\u00c9G\u00c9TAL CR\u00c8ME ULTRA-HYDRATANTE ET R\u00c9G\u00c9N\u00c9RATRICE 200ML"},"content":{"rendered":"<p><strong>Descriptif :<\/strong><br \/>\nLa Cr\u00e8me ultra-hydratante et r\u00e9g\u00e9n\u00e9ratrice est un complexe ultra-hydratant \u00e0 base d&rsquo;actifs v\u00e9g\u00e9taux riches en pro-vitamine B5 et en acides amin\u00e9s essentiels,<br \/>\nCe soin, visage et corps, nourrit intens\u00e9ment et r\u00e9pare les peaux s\u00e8ches \u00e0 tr\u00e8s s\u00e8ches, d\u00e9shydrat\u00e9es,<br \/>\nLa Cr\u00e8me ultra-hydratante prot\u00e8ge et apporte une action r\u00e9g\u00e9n\u00e9rante aux peaux soumises aux agressions ext\u00e9rieures : soleil, froid, vent, UV, feu du rasoir, \u00e9pilation&#8230;<br \/>\nTOLERANCE EVALUEE SOUS CONTROLE DERMATOLOGIQUE,<br \/>\nSans parab\u00e8ne<br \/>\n<strong>RESULTATS:<\/strong><br \/>\nLa Cr\u00e8me ultra-hydratante et r\u00e9g\u00e9n\u00e9ratrice apporte 24h d&rsquo;hydratation prouv\u00e9e cliniquement,<br \/>\nD\u00e8s 2 jours, la peau est r\u00e9par\u00e9e, *<br \/>\n*Etude clinique r\u00e9alis\u00e9e versus Placebo sur 18 volontaires pendant 11 jours d&rsquo;application bi-quotidienne,<\/p>\n<p><strong>Indications :<\/strong><br \/>\nPeaux s\u00e8ches \u00e0 tr\u00e8s s\u00e8ches &#8211; Peaux d\u00e9shydrat\u00e9es,<br \/>\nConvient aux peaux sensibles,<br \/>\nVisage et Corps.<\/p>\n<p><strong>ACTIFS<\/strong><br \/>\nPlacenta V\u00e9g\u00e9tal : r\u00e9g\u00e9n\u00e8re et hydrate imm\u00e9diatement et durablement la peau, La fonction barri\u00e8re de la peau est restaur\u00e9e,<br \/>\nHuile d&rsquo;Abricot : nourrit,<br \/>\nExtrait de Calendula : adoucit et apaise,<br \/>\nExtrait de Riz brun : renforce la barri\u00e8re naturelle de protection de la peau en restaurant le film hydrolipidique,<br \/>\n<strong>Conseils d&rsquo;utilisation :<\/strong><br \/>\nAppliquer la Cr\u00e8me ultra-hydratante et r\u00e9g\u00e9n\u00e9ratrice une \u00e0 deux fois par jour en massage,<br \/>\nPour r\u00e9g\u00e9n\u00e9rer une peau soumise aux agressions ext\u00e9rieures, appliquer en couche \u00e9paisse et renouveler r\u00e9guli\u00e8rement,<br \/>\nConseill\u00e9 en soin apr\u00e8s solaire pour apaiser et hydrater la peau.<\/p>\n","protected":false},"excerpt":{"rendered":"<p>La Cr\u00e8me ultra-hydratante et r\u00e9g\u00e9n\u00e9ratrice Nourrit Intens\u00e9ment et R\u00e9pare les Peaux S\u00e8ches \u00e0 tr\u00e8s S\u00e8ches, D\u00e9shydrat\u00e9es et Sensibles\u00a0 .<\/p>\n<p>Visage et Corps<\/p>\n","protected":false},"featured_media":3245,"comment_status":"open","ping_status":"closed","template":"","meta":{"site-sidebar-layout":"default","site-content-layout":"default","ast-site-content-layout":"default","site-content-style":"default","site-sidebar-style":"default","ast-global-header-display":"","ast-banner-title-visibility":"","ast-main-header-display":"","ast-hfb-above-header-display":"","ast-hfb-below-header-display":"","ast-hfb-mobile-header-display":"","site-post-title":"","ast-breadcrumbs-content":"","ast-featured-img":"","footer-sml-layout":"","ast-disable-related-posts":"","theme-transparent-header-meta":"default","adv-header-id-meta":"","stick-header-meta":"","header-above-stick-meta":"","header-main-stick-meta":"","header-below-stick-meta":"","astra-migrate-meta-layouts":"default","ast-page-background-enabled":"default","ast-page-background-meta":{"desktop":{"background-color":"","background-image":"","background-repeat":"repeat","background-position":"center center","background-size":"auto","background-attachment":"scroll","background-type":"","background-media":"","overlay-type":"","overlay-color":"","overlay-opacity":"","overlay-gradient":""},"tablet":{"background-color":"","background-image":"","background-repeat":"repeat","background-position":"center center","background-size":"auto","background-attachment":"scroll","background-type":"","background-media":"","overlay-type":"","overlay-color":"","overlay-opacity":"","overlay-gradient":""},"mobile":{"background-color":"","background-image":"","background-repeat":"repeat","background-position":"center center","background-size":"auto","background-attachment":"scroll","background-type":"","background-media":"","overlay-type":"","overlay-color":"","overlay-opacity":"","overlay-gradient":""}},"ast-content-background-meta":{"desktop":{"background-color":"var(--ast-global-color-5)","background-image":"","background-repeat":"repeat","background-position":"center center","background-size":"auto","background-attachment":"scroll","background-type":"","background-media":"","overlay-type":"","overlay-color":"","overlay-opacity":"","overlay-gradient":""},"tablet":{"background-color":"var(--ast-global-color-5)","background-image":"","background-repeat":"repeat","background-position":"center center","background-size":"auto","background-attachment":"scroll","background-type":"","background-media":"","overlay-type":"","overlay-color":"","overlay-opacity":"","overlay-gradient":""},"mobile":{"background-color":"var(--ast-global-color-5)","background-image":"","background-repeat":"repeat","background-position":"center center","background-size":"auto","background-attachment":"scroll","background-type":"","background-media":"","overlay-type":"","overlay-color":"","overlay-opacity":"","overlay-gradient":""}}},"product_brand":[],"product_cat":[25],"product_tag":[],"class_list":{"0":"post-3244","1":"product","2":"type-product","3":"status-publish","4":"has-post-thumbnail","6":"product_cat-visage","7":"desktop-align-left","8":"tablet-align-left","9":"mobile-align-left","11":"first","12":"instock","13":"sale","14":"taxable","15":"shipping-taxable","16":"purchasable","17":"product-type-simple"},"jetpack_sharing_enabled":true,"_links":{"self":[{"href":"https:\/\/cbpara.ma\/para\/wp-json\/wp\/v2\/product\/3244","targetHints":{"allow":["GET"]}}],"collection":[{"href":"https:\/\/cbpara.ma\/para\/wp-json\/wp\/v2\/product"}],"about":[{"href":"https:\/\/cbpara.ma\/para\/wp-json\/wp\/v2\/types\/product"}],"replies":[{"embeddable":true,"href":"https:\/\/cbpara.ma\/para\/wp-json\/wp\/v2\/comments?post=3244"}],"version-history":[{"count":2,"href":"https:\/\/cbpara.ma\/para\/wp-json\/wp\/v2\/product\/3244\/revisions"}],"predecessor-version":[{"id":3248,"href":"https:\/\/cbpara.ma\/para\/wp-json\/wp\/v2\/product\/3244\/revisions\/3248"}],"wp:featuredmedia":[{"embeddable":true,"href":"https:\/\/cbpara.ma\/para\/wp-json\/wp\/v2\/media\/3245"}],"wp:attachment":[{"href":"https:\/\/cbpara.ma\/para\/wp-json\/wp\/v2\/media?parent=3244"}],"wp:term":[{"taxonomy":"product_brand","embeddable":true,"href":"https:\/\/cbpara.ma\/para\/wp-json\/wp\/v2\/product_brand?post=3244"},{"taxonomy":"product_cat","embeddable":true,"href":"https:\/\/cbpara.ma\/para\/wp-json\/wp\/v2\/product_cat?post=3244"},{"taxonomy":"product_tag","embeddable":true,"href":"https:\/\/cbpara.ma\/para\/wp-json\/wp\/v2\/product_tag?post=3244"}],"curies":[{"name":"wp","href":"https:\/\/api.w.org\/{rel}","templated":true}]}}