{"id":3258,"date":"2022-06-20T21:16:23","date_gmt":"2022-06-20T21:16:23","guid":{"rendered":"http:\/\/cbpara.ma\/para\/?post_type=product&#038;p=3258"},"modified":"2022-06-20T21:16:24","modified_gmt":"2022-06-20T21:16:24","slug":"avene-creme-solaire-anti-age-spf-50-50ml","status":"publish","type":"product","link":"https:\/\/cbpara.ma\/para\/produit\/avene-creme-solaire-anti-age-spf-50-50ml\/","title":{"rendered":"AVENE CR\u00c8ME SOLAIRE ANTI \u00c2GE SPF 50 50ML"},"content":{"rendered":"<div class=\"product_second_section\">\n<div class=\"container\">\n<div class=\" product_desc_block\">\n<div class=\"product_desc_column \">\n<div class=\"bottom_more_info_block pro_more_info p-t-1 p-b-1 \">\n<div class=\"product_info_tabs sttab_block mobile_tab  sttab_2 sttab_2_3 \">\n<div class=\"tab-content \">\n<div id=\"description\" class=\"tab-pane  active  \" role=\"tabpanel\">\n<div class=\"tab-pane-body\">\n<div class=\"product-description\">\n<div class=\"style_content\">\n<p>Association exclusive d&rsquo;actifs, Sunsitive\u00ae protection, issue de la Recherche Pierre Fabre :<\/p>\n<p>&#8211; Minimum de filtres, stables et efficaces dans le temps, offrant une haute protection optimale contre les UVB et les UVA (courts et longs),<\/p>\n<p>&#8211; Puissant antioxydant, le Pr\u00e9-tocoph\u00e9ryl, pour une protection cellulaire contre les radicaux libres,<\/p>\n<p>&#8211; Eau thermale d&rsquo;Av\u00e8ne, aux propri\u00e9t\u00e9s apaisantes et anti-irritantes,<\/p>\n<p>L&rsquo;AscofillineTM, actif anti-\u00e2ge \u00ab\u00a0architecte\u00a0\u00bb, associ\u00e9 au complexe Sunsitive\u00ae protection contribue \u00e0 la pr\u00e9vention du photo-vieillissement,<\/p>\n<p>Transparente \u00e0 l&rsquo;application, sa texture fluide et l\u00e9g\u00e8re prot\u00e8ge et hydrate* les peaux sensibles,<\/p>\n<p>Tube-pompe airless : pratique, il permet de doser facilement la juste quantit\u00e9 de produit \u00e0 appliquer,<\/p>\n<p>* Hydratation des couches sup\u00e9rieures de la peau.<\/p>\n<\/div>\n<\/div>\n<\/div>\n<\/div>\n<\/div>\n<\/div>\n<\/div>\n<\/div>\n<\/div>\n<\/div>\n<\/div>\n<div class=\"product_third_section\">\n<div class=\"container\">\n<div id=\"strelatedproducts_container_084283242f\" class=\"strelatedproducts_container  block  s_countdown_block   products_container  \">\n<section class=\"products_section \">\n<div class=\"row flex_lg_container flex_stretch\">\n<div class=\"col-lg-12  products_slider\">\n<div class=\"title_block flex_container title_align_1 title_style_0\"><\/div>\n<\/div>\n<\/div>\n<\/section>\n<\/div>\n<\/div>\n<\/div>\n","protected":false},"excerpt":{"rendered":"<div id=\"product-description-short-253\" class=\"product-description-short mb-3 \">\n<address>Haute Protection Optimale Contre les UVB et\u00a0 UVA\u00a0<\/address>\n<\/div>\n<div class=\"steasy_divider between_short_and_price\"><\/div>\n","protected":false},"featured_media":3261,"comment_status":"open","ping_status":"closed","template":"","meta":{"site-sidebar-layout":"default","site-content-layout":"default","ast-site-content-layout":"default","site-content-style":"default","site-sidebar-style":"default","ast-global-header-display":"","ast-banner-title-visibility":"","ast-main-header-display":"","ast-hfb-above-header-display":"","ast-hfb-below-header-display":"","ast-hfb-mobile-header-display":"","site-post-title":"","ast-breadcrumbs-content":"","ast-featured-img":"","footer-sml-layout":"","ast-disable-related-posts":"","theme-transparent-header-meta":"default","adv-header-id-meta":"","stick-header-meta":"","header-above-stick-meta":"","header-main-stick-meta":"","header-below-stick-meta":"","astra-migrate-meta-layouts":"default","ast-page-background-enabled":"default","ast-page-background-meta":{"desktop":{"background-color":"","background-image":"","background-repeat":"repeat","background-position":"center center","background-size":"auto","background-attachment":"scroll","background-type":"","background-media":"","overlay-type":"","overlay-color":"","overlay-opacity":"","overlay-gradient":""},"tablet":{"background-color":"","background-image":"","background-repeat":"repeat","background-position":"center center","background-size":"auto","background-attachment":"scroll","background-type":"","background-media":"","overlay-type":"","overlay-color":"","overlay-opacity":"","overlay-gradient":""},"mobile":{"background-color":"","background-image":"","background-repeat":"repeat","background-position":"center center","background-size":"auto","background-attachment":"scroll","background-type":"","background-media":"","overlay-type":"","overlay-color":"","overlay-opacity":"","overlay-gradient":""}},"ast-content-background-meta":{"desktop":{"background-color":"var(--ast-global-color-5)","background-image":"","background-repeat":"repeat","background-position":"center center","background-size":"auto","background-attachment":"scroll","background-type":"","background-media":"","overlay-type":"","overlay-color":"","overlay-opacity":"","overlay-gradient":""},"tablet":{"background-color":"var(--ast-global-color-5)","background-image":"","background-repeat":"repeat","background-position":"center center","background-size":"auto","background-attachment":"scroll","background-type":"","background-media":"","overlay-type":"","overlay-color":"","overlay-opacity":"","overlay-gradient":""},"mobile":{"background-color":"var(--ast-global-color-5)","background-image":"","background-repeat":"repeat","background-position":"center center","background-size":"auto","background-attachment":"scroll","background-type":"","background-media":"","overlay-type":"","overlay-color":"","overlay-opacity":"","overlay-gradient":""}}},"product_brand":[],"product_cat":[25],"product_tag":[],"class_list":{"0":"post-3258","1":"product","2":"type-product","3":"status-publish","4":"has-post-thumbnail","6":"product_cat-visage","7":"desktop-align-left","8":"tablet-align-left","9":"mobile-align-left","11":"first","12":"instock","13":"sale","14":"taxable","15":"shipping-taxable","16":"purchasable","17":"product-type-simple"},"jetpack_sharing_enabled":true,"_links":{"self":[{"href":"https:\/\/cbpara.ma\/para\/wp-json\/wp\/v2\/product\/3258","targetHints":{"allow":["GET"]}}],"collection":[{"href":"https:\/\/cbpara.ma\/para\/wp-json\/wp\/v2\/product"}],"about":[{"href":"https:\/\/cbpara.ma\/para\/wp-json\/wp\/v2\/types\/product"}],"replies":[{"embeddable":true,"href":"https:\/\/cbpara.ma\/para\/wp-json\/wp\/v2\/comments?post=3258"}],"version-history":[{"count":1,"href":"https:\/\/cbpara.ma\/para\/wp-json\/wp\/v2\/product\/3258\/revisions"}],"predecessor-version":[{"id":3262,"href":"https:\/\/cbpara.ma\/para\/wp-json\/wp\/v2\/product\/3258\/revisions\/3262"}],"wp:featuredmedia":[{"embeddable":true,"href":"https:\/\/cbpara.ma\/para\/wp-json\/wp\/v2\/media\/3261"}],"wp:attachment":[{"href":"https:\/\/cbpara.ma\/para\/wp-json\/wp\/v2\/media?parent=3258"}],"wp:term":[{"taxonomy":"product_brand","embeddable":true,"href":"https:\/\/cbpara.ma\/para\/wp-json\/wp\/v2\/product_brand?post=3258"},{"taxonomy":"product_cat","embeddable":true,"href":"https:\/\/cbpara.ma\/para\/wp-json\/wp\/v2\/product_cat?post=3258"},{"taxonomy":"product_tag","embeddable":true,"href":"https:\/\/cbpara.ma\/para\/wp-json\/wp\/v2\/product_tag?post=3258"}],"curies":[{"name":"wp","href":"https:\/\/api.w.org\/{rel}","templated":true}]}}