{"id":5268,"date":"2022-08-12T13:47:10","date_gmt":"2022-08-12T13:47:10","guid":{"rendered":"http:\/\/cbpara.ma\/para\/?post_type=product&#038;p=5268"},"modified":"2023-05-03T13:26:35","modified_gmt":"2023-05-03T13:26:35","slug":"kmk-vernis-a-ongles-marrakech-11ml","status":"publish","type":"product","link":"https:\/\/cbpara.ma\/para\/produit\/kmk-vernis-a-ongles-marrakech-11ml\/","title":{"rendered":"KMK vernis \u00e0 ongles 06 marrakech 11ml"},"content":{"rendered":"<div class=\"product_second_section\">\n<div class=\"container\">\n<div class=\" product_desc_block\">\n<div class=\"product_desc_column \">\n<div class=\"bottom_more_info_block pro_more_info p-t-1 p-b-1 \">\n<div class=\"product_info_tabs sttab_block mobile_tab  sttab_2 sttab_2_3 \">\n<div class=\"tab-content \">\n<div id=\"description\" class=\"tab-pane  active  \" role=\"tabpanel\">\n<div class=\"tab-pane-body\">\n<div class=\"product-description\">\n<div class=\"style_content\">\n<p>Vernis certifi\u00e9 Vegan par PETA, Halal par RACS Allemagne et Duba\u00ef, et notre perm\u00e9abilit\u00e9 \u00e0 l\u2019eau est prouv\u00e9e scientifiquement par le plus grand laboratoire d\u2019analyse SGS France.<br \/>\nKMK est un subtil m\u00e9lange d\u2019ingr\u00e9dients adapt\u00e9s \u00e0 votre sant\u00e9, de couleurs tendances et de style intemporel. Nous nous adressons aux femmes quels que soient leur style de vie, leur \u00e2ge et leurs croyances spirituelles.<\/p>\n<\/div>\n<\/div>\n<\/div>\n<\/div>\n<\/div>\n<\/div>\n<\/div>\n<\/div>\n<\/div>\n<\/div>\n<\/div>\n<div class=\"product_third_section\">\n<div class=\"container\">\n<div id=\"strelatedproducts_container_47bd0ab20a\" class=\"strelatedproducts_container  block  s_countdown_block   products_container  \">\n<section class=\"products_section \">\n<div class=\"row flex_lg_container flex_stretch\">\n<div class=\"col-lg-12  products_slider\">\n<div class=\"title_block flex_container title_align_1 title_style_0\"><\/div>\n<\/div>\n<\/div>\n<\/section>\n<\/div>\n<\/div>\n<\/div>\n","protected":false},"excerpt":{"rendered":"<p>Vernis certifi\u00e9 Vegan par PETA, Halal par RACS Allemagne et Duba\u00ef, et notre perm\u00e9abilit\u00e9 \u00e0 l\u2019eau est prouv\u00e9e scientifiquement par le plus grand laboratoire d\u2019analyse SGS France. KMK est un subtil m\u00e9lange d\u2019ingr\u00e9dients adapt\u00e9s \u00e0 votre sant\u00e9, de couleurs tendances et de style intemporel. Nous nous adressons aux femmes quels que soient leur style de [&hellip;]<\/p>\n","protected":false},"featured_media":5269,"comment_status":"open","ping_status":"closed","template":"","meta":{"site-sidebar-layout":"default","site-content-layout":"default","ast-site-content-layout":"default","site-content-style":"default","site-sidebar-style":"default","ast-global-header-display":"","ast-banner-title-visibility":"","ast-main-header-display":"","ast-hfb-above-header-display":"","ast-hfb-below-header-display":"","ast-hfb-mobile-header-display":"","site-post-title":"","ast-breadcrumbs-content":"","ast-featured-img":"","footer-sml-layout":"","ast-disable-related-posts":"","theme-transparent-header-meta":"default","adv-header-id-meta":"","stick-header-meta":"","header-above-stick-meta":"","header-main-stick-meta":"","header-below-stick-meta":"","astra-migrate-meta-layouts":"default","ast-page-background-enabled":"default","ast-page-background-meta":{"desktop":{"background-color":"","background-image":"","background-repeat":"repeat","background-position":"center center","background-size":"auto","background-attachment":"scroll","background-type":"","background-media":"","overlay-type":"","overlay-color":"","overlay-opacity":"","overlay-gradient":""},"tablet":{"background-color":"","background-image":"","background-repeat":"repeat","background-position":"center center","background-size":"auto","background-attachment":"scroll","background-type":"","background-media":"","overlay-type":"","overlay-color":"","overlay-opacity":"","overlay-gradient":""},"mobile":{"background-color":"","background-image":"","background-repeat":"repeat","background-position":"center center","background-size":"auto","background-attachment":"scroll","background-type":"","background-media":"","overlay-type":"","overlay-color":"","overlay-opacity":"","overlay-gradient":""}},"ast-content-background-meta":{"desktop":{"background-color":"var(--ast-global-color-5)","background-image":"","background-repeat":"repeat","background-position":"center center","background-size":"auto","background-attachment":"scroll","background-type":"","background-media":"","overlay-type":"","overlay-color":"","overlay-opacity":"","overlay-gradient":""},"tablet":{"background-color":"var(--ast-global-color-5)","background-image":"","background-repeat":"repeat","background-position":"center center","background-size":"auto","background-attachment":"scroll","background-type":"","background-media":"","overlay-type":"","overlay-color":"","overlay-opacity":"","overlay-gradient":""},"mobile":{"background-color":"var(--ast-global-color-5)","background-image":"","background-repeat":"repeat","background-position":"center center","background-size":"auto","background-attachment":"scroll","background-type":"","background-media":"","overlay-type":"","overlay-color":"","overlay-opacity":"","overlay-gradient":""}}},"product_brand":[],"product_cat":[253,175,384,251,252,25],"product_tag":[518],"class_list":{"0":"post-5268","1":"product","2":"type-product","3":"status-publish","4":"has-post-thumbnail","6":"product_cat-accessoires-manucure-pedicure","7":"product_cat-corps","8":"product_cat-maquillage","9":"product_cat-soins-des-mains","10":"product_cat-soins-des-pieds","11":"product_cat-visage","12":"product_tag-cbp_a3659","13":"desktop-align-left","14":"tablet-align-left","15":"mobile-align-left","17":"first","18":"instock","19":"sale","20":"taxable","21":"shipping-taxable","22":"purchasable","23":"product-type-simple"},"jetpack_sharing_enabled":true,"_links":{"self":[{"href":"https:\/\/cbpara.ma\/para\/wp-json\/wp\/v2\/product\/5268","targetHints":{"allow":["GET"]}}],"collection":[{"href":"https:\/\/cbpara.ma\/para\/wp-json\/wp\/v2\/product"}],"about":[{"href":"https:\/\/cbpara.ma\/para\/wp-json\/wp\/v2\/types\/product"}],"replies":[{"embeddable":true,"href":"https:\/\/cbpara.ma\/para\/wp-json\/wp\/v2\/comments?post=5268"}],"version-history":[{"count":3,"href":"https:\/\/cbpara.ma\/para\/wp-json\/wp\/v2\/product\/5268\/revisions"}],"predecessor-version":[{"id":8258,"href":"https:\/\/cbpara.ma\/para\/wp-json\/wp\/v2\/product\/5268\/revisions\/8258"}],"wp:featuredmedia":[{"embeddable":true,"href":"https:\/\/cbpara.ma\/para\/wp-json\/wp\/v2\/media\/5269"}],"wp:attachment":[{"href":"https:\/\/cbpara.ma\/para\/wp-json\/wp\/v2\/media?parent=5268"}],"wp:term":[{"taxonomy":"product_brand","embeddable":true,"href":"https:\/\/cbpara.ma\/para\/wp-json\/wp\/v2\/product_brand?post=5268"},{"taxonomy":"product_cat","embeddable":true,"href":"https:\/\/cbpara.ma\/para\/wp-json\/wp\/v2\/product_cat?post=5268"},{"taxonomy":"product_tag","embeddable":true,"href":"https:\/\/cbpara.ma\/para\/wp-json\/wp\/v2\/product_tag?post=5268"}],"curies":[{"name":"wp","href":"https:\/\/api.w.org\/{rel}","templated":true}]}}